{"id":463,"date":"2025-08-28T06:03:04","date_gmt":"2025-08-28T06:03:04","guid":{"rendered":"https:\/\/zihinseldirilis.org\/?page_id=463"},"modified":"2025-08-28T06:03:19","modified_gmt":"2025-08-28T06:03:19","slug":"hakkimizda","status":"publish","type":"page","link":"https:\/\/zihinseldirilis.org\/?page_id=463","title":{"rendered":"Hakk\u0131m\u0131zda"},"content":{"rendered":"\t\t<div data-elementor-type=\"wp-page\" data-elementor-id=\"463\" class=\"elementor elementor-463\">\n\t\t\t\t<div class=\"elementor-element elementor-element-5714582 e-flex e-con-boxed e-con e-parent\" data-id=\"5714582\" data-element_type=\"container\" data-settings=\"{&quot;background_background&quot;:&quot;classic&quot;}\">\n\t\t\t\t\t<div class=\"e-con-inner\">\n\t\t<div class=\"elementor-element elementor-element-65d544a e-con-full e-flex e-con e-child\" data-id=\"65d544a\" data-element_type=\"container\">\n\t\t\t\t<div class=\"elementor-element elementor-element-d60a9fc elementor-widget elementor-widget-heading\" data-id=\"d60a9fc\" data-element_type=\"widget\" data-widget_type=\"heading.default\">\n\t\t\t\t\t<h2 class=\"elementor-heading-title elementor-size-default\">Yenilik\u00e7i E\u011fitim Platformu<\/h2>\t\t\t\t<\/div>\n\t\t\t\t<div class=\"elementor-element elementor-element-11f5f94 elementor-widget elementor-widget-text-editor\" data-id=\"11f5f94\" data-element_type=\"widget\" data-widget_type=\"text-editor.default\">\n\t\t\t\t\t\t\t\t\t<p>Gen\u00e7ler i\u00e7in dijital okuryazarl\u0131\u011f\u0131 art\u0131rmay\u0131 hedefliyoruz.<\/p>\t\t\t\t\t\t\t\t<\/div>\n\t\t\t\t<\/div>\n\t\t\t\t\t<\/div>\n\t\t\t\t<\/div>\n\t\t<div class=\"elementor-element elementor-element-9e2025d e-flex e-con-boxed e-con e-parent\" data-id=\"9e2025d\" data-element_type=\"container\">\n\t\t\t\t\t<div class=\"e-con-inner\">\n\t\t<div class=\"elementor-element elementor-element-644f05a e-con-full e-flex e-con e-child\" data-id=\"644f05a\" data-element_type=\"container\">\n\t\t\t\t<div class=\"elementor-element elementor-element-95b5dc0 elementor-widget elementor-widget-heading\" data-id=\"95b5dc0\" data-element_type=\"widget\" data-widget_type=\"heading.default\">\n\t\t\t\t\t<h2 class=\"elementor-heading-title elementor-size-default\">Kurulu\u015f Hakk\u0131nda<\/h2>\t\t\t\t<\/div>\n\t\t\t\t<div class=\"elementor-element elementor-element-63e1610 elementor-widget elementor-widget-text-editor\" data-id=\"63e1610\" data-element_type=\"widget\" data-widget_type=\"text-editor.default\">\n\t\t\t\t\t\t\t\t\t<p>Kurulu\u015fumuz, gen\u00e7lerin dijital okuryazarl\u0131\u011f\u0131n\u0131 art\u0131rmak amac\u0131yla, e\u011fitim ve k\u00fclt\u00fcrel miras\u0131n \u00f6nemi \u00fczerinde durmaktad\u0131r. Misyonumuz, veri egemenli\u011fini koruma, k\u00fclt\u00fcrel haf\u0131za ar\u015fivleme ve diasporalara yard\u0131mc\u0131 olma \u00fczerine in\u015fa edilmi\u015ftir. Bu ba\u011flamda, s\u00fcrekli geli\u015fim ve yenilik\u00e7ilik hedeflerimiz do\u011frultusunda, gen\u00e7lerimize ihtiya\u00e7 duyduklar\u0131 ara\u00e7lar\u0131 sunmay\u0131 ama\u00e7l\u0131yoruz.<\/p>\t\t\t\t\t\t\t\t<\/div>\n\t\t\t\t<\/div>\n\t\t<div class=\"elementor-element elementor-element-0fcd142 e-con-full e-flex e-con e-child\" data-id=\"0fcd142\" data-element_type=\"container\" data-settings=\"{&quot;background_background&quot;:&quot;classic&quot;}\">\n\t\t<div class=\"elementor-element elementor-element-0324d57 e-con-full e-flex e-con e-child\" data-id=\"0324d57\" data-element_type=\"container\">\n\t\t\t\t<div class=\"elementor-element elementor-element-84d00c6 elementor-widget elementor-widget-icon-box\" data-id=\"84d00c6\" data-element_type=\"widget\" data-widget_type=\"icon-box.default\">\n\t\t\t\t\t\t\t<div class=\"elementor-icon-box-wrapper\">\n\n\t\t\t\n\t\t\t\t\t\t<div class=\"elementor-icon-box-content\">\n\n\t\t\t\t\t\t\t\t\t<h3 class=\"elementor-icon-box-title\">\n\t\t\t\t\t\t<span  >\n\t\t\t\t\t\t\tMisyonumuz\t\t\t\t\t\t<\/span>\n\t\t\t\t\t<\/h3>\n\t\t\t\t\n\t\t\t\t\t\t\t\t\t<p class=\"elementor-icon-box-description\">\n\t\t\t\t\t\tGen\u00e7lere g\u00fc\u00e7 kazand\u0131rmak.\t\t\t\t\t<\/p>\n\t\t\t\t\n\t\t\t<\/div>\n\t\t\t\n\t\t<\/div>\n\t\t\t\t\t\t<\/div>\n\t\t\t\t<div class=\"elementor-element elementor-element-ca95055 elementor-widget elementor-widget-icon-box\" data-id=\"ca95055\" data-element_type=\"widget\" data-widget_type=\"icon-box.default\">\n\t\t\t\t\t\t\t<div class=\"elementor-icon-box-wrapper\">\n\n\t\t\t\n\t\t\t\t\t\t<div class=\"elementor-icon-box-content\">\n\n\t\t\t\t\t\t\t\t\t<h3 class=\"elementor-icon-box-title\">\n\t\t\t\t\t\t<span  >\n\t\t\t\t\t\t\tVizyonumuz\t\t\t\t\t\t<\/span>\n\t\t\t\t\t<\/h3>\n\t\t\t\t\n\t\t\t\t\t\t\t\t\t<p class=\"elementor-icon-box-description\">\n\t\t\t\t\t\tK\u00fclt\u00fcrel miras\u0131 ya\u015fatmak.\t\t\t\t\t<\/p>\n\t\t\t\t\n\t\t\t<\/div>\n\t\t\t\n\t\t<\/div>\n\t\t\t\t\t\t<\/div>\n\t\t\t\t<div class=\"elementor-element elementor-element-4298513 elementor-widget elementor-widget-icon-box\" data-id=\"4298513\" data-element_type=\"widget\" data-widget_type=\"icon-box.default\">\n\t\t\t\t\t\t\t<div class=\"elementor-icon-box-wrapper\">\n\n\t\t\t\n\t\t\t\t\t\t<div class=\"elementor-icon-box-content\">\n\n\t\t\t\t\t\t\t\t\t<h3 class=\"elementor-icon-box-title\">\n\t\t\t\t\t\t<span  >\n\t\t\t\t\t\t\tDe\u011ferlerimiz\t\t\t\t\t\t<\/span>\n\t\t\t\t\t<\/h3>\n\t\t\t\t\n\t\t\t\t\t\t\t\t\t<p class=\"elementor-icon-box-description\">\n\t\t\t\t\t\tSayg\u0131 ve b\u00fct\u00fcnl\u00fck.\t\t\t\t\t<\/p>\n\t\t\t\t\n\t\t\t<\/div>\n\t\t\t\n\t\t<\/div>\n\t\t\t\t\t\t<\/div>\n\t\t\t\t<div class=\"elementor-element elementor-element-9fc81e2 elementor-widget elementor-widget-icon-box\" data-id=\"9fc81e2\" data-element_type=\"widget\" data-widget_type=\"icon-box.default\">\n\t\t\t\t\t\t\t<div class=\"elementor-icon-box-wrapper\">\n\n\t\t\t\n\t\t\t\t\t\t<div class=\"elementor-icon-box-content\">\n\n\t\t\t\t\t\t\t\t\t<h3 class=\"elementor-icon-box-title\">\n\t\t\t\t\t\t<span  >\n\t\t\t\t\t\t\tHedef Kitlemiz\t\t\t\t\t\t<\/span>\n\t\t\t\t\t<\/h3>\n\t\t\t\t\n\t\t\t\t\t\t\t\t\t<p class=\"elementor-icon-box-description\">\n\t\t\t\t\t\tGen\u00e7ler ve topluluk liderleri.\t\t\t\t\t<\/p>\n\t\t\t\t\n\t\t\t<\/div>\n\t\t\t\n\t\t<\/div>\n\t\t\t\t\t\t<\/div>\n\t\t\t\t<div class=\"elementor-element elementor-element-12708dd elementor-widget__width-inherit elementor-align-ortala elementor-widget elementor-widget-button\" data-id=\"12708dd\" data-element_type=\"widget\" data-widget_type=\"button.default\">\n\t\t\t\t\t\t\t\t\t\t<a class=\"elementor-button elementor-button-link elementor-size-sm\" href=\"#\">\n\t\t\t\t\t\t<span class=\"elementor-button-content-wrapper\">\n\t\t\t\t\t\t\t\t\t<span class=\"elementor-button-text\">Daha Fazla Bilgi<\/span>\n\t\t\t\t\t<\/span>\n\t\t\t\t\t<\/a>\n\t\t\t\t\t\t\t\t<\/div>\n\t\t\t\t<\/div>\n\t\t\t\t<\/div>\n\t\t\t\t\t<\/div>\n\t\t\t\t<\/div>\n\t\t<div class=\"elementor-element elementor-element-1a84f19 e-flex e-con-boxed e-con e-parent\" data-id=\"1a84f19\" data-element_type=\"container\">\n\t\t\t\t\t<div class=\"e-con-inner\">\n\t\t\t\t<div class=\"elementor-element elementor-element-248dac7 elementor-widget elementor-widget-heading\" data-id=\"248dac7\" data-element_type=\"widget\" data-widget_type=\"heading.default\">\n\t\t\t\t\t<h2 class=\"elementor-heading-title elementor-size-default\">Ekibimiz<\/h2>\t\t\t\t<\/div>\n\t\t\t\t<div class=\"elementor-element elementor-element-89e3156 elementor-widget elementor-widget-heading\" data-id=\"89e3156\" data-element_type=\"widget\" data-widget_type=\"heading.default\">\n\t\t\t\t\t<h5 class=\"elementor-heading-title elementor-size-default\">Uzmanl\u0131klar\u0131m\u0131zla dolu dinamik bir ekibiz, her projeye yeni bir soluk getiriyoruz.<\/h5>\t\t\t\t<\/div>\n\t\t\t\t\t<\/div>\n\t\t\t\t<\/div>\n\t\t<div class=\"elementor-element elementor-element-782f5db e-flex e-con-boxed e-con e-parent\" data-id=\"782f5db\" data-element_type=\"container\">\n\t\t\t\t\t<div class=\"e-con-inner\">\n\t\t\t\t<div class=\"elementor-element elementor-element-cedb661 elementor-widget elementor-widget-nested-carousel\" data-id=\"cedb661\" data-element_type=\"widget\" data-widget_type=\"nested-carousel.default\">\n\t\t\t\t<div class=\"elementor-widget-container\">\n\t\t\t\t\t \t\t\t\t<\/div>\n\t\t\t\t<\/div>\n\t\t\t\t\t<\/div>\n\t\t\t\t<\/div>\n\t\t<div class=\"elementor-element elementor-element-d70c2fc e-flex e-con-boxed e-con e-parent\" data-id=\"d70c2fc\" data-element_type=\"container\">\n\t\t\t\t\t<div class=\"e-con-inner\">\n\t\t\t\t<div class=\"elementor-element elementor-element-e12b1c5 elementor-widget elementor-widget-heading\" data-id=\"e12b1c5\" data-element_type=\"widget\" data-widget_type=\"heading.default\">\n\t\t\t\t\t<h2 class=\"elementor-heading-title elementor-size-default\">M\u00fc\u015fteri Yorumlar\u0131<\/h2>\t\t\t\t<\/div>\n\t\t<div class=\"elementor-element elementor-element-a9c1af3 e-flex e-con-boxed e-con e-child\" data-id=\"a9c1af3\" data-element_type=\"container\">\n\t\t\t\t\t<div class=\"e-con-inner\">\n\t\t\t\t<div class=\"elementor-element elementor-element-d39ad73 elementor-widget-tablet__width-initial elementor-widget-mobile__width-inherit elementor-widget elementor-widget-testimonial\" data-id=\"d39ad73\" data-element_type=\"widget\" data-widget_type=\"testimonial.default\">\n\t\t\t\t\t\t\t<div class=\"elementor-testimonial-wrapper\">\n\t\t\t\t\t\t\t<div class=\"elementor-testimonial-content\">\u201c\u00dcr\u00fcn veya hizmetinizden faydalanan bir m\u00fc\u015fteriden geri bildirim. Bu t\u00fcr yorumlar, g\u00fcvenilirli\u011fi art\u0131rmak ve \u015firketinizin itibar\u0131n\u0131 g\u00fc\u00e7lendirmek i\u00e7in son derece etkili olabilir.\u201d<\/div>\n\t\t\t\n\t\t\t\t\t\t<div class=\"elementor-testimonial-meta elementor-has-image elementor-testimonial-image-position-aside\">\n\t\t\t\t<div class=\"elementor-testimonial-meta-inner\">\n\t\t\t\t\t\t\t\t\t\t\t<div class=\"elementor-testimonial-image\">\n\t\t\t\t\t\t\t<img decoding=\"async\" src=\"https:\/\/zihinseldirilis.org\/wp-content\/uploads\/2025\/08\/wireframe-img-1-e1708013680578.png\" title=\"wireframe-img-1-e1708013680578.png\" alt=\"wireframe-img-1-e1708013680578.png\" loading=\"lazy\" \/>\t\t\t\t\t\t<\/div>\n\t\t\t\t\t\n\t\t\t\t\t\t\t\t\t\t<div class=\"elementor-testimonial-details\">\n\t\t\t\t\t\t\t\t\t\t\t\t\t\t<div class=\"elementor-testimonial-name\">Ahmet Y\u0131lmaz<\/div>\n\t\t\t\t\t\t\t\t\t\t\t\t\t\t\t\t\t\t\t<\/div>\n\t\t\t\t\t\t\t\t\t<\/div>\n\t\t\t<\/div>\n\t\t\t\t\t<\/div>\n\t\t\t\t\t\t<\/div>\n\t\t\t\t<div class=\"elementor-element elementor-element-4bbf1c6 elementor-widget-tablet__width-initial elementor-widget-mobile__width-inherit elementor-widget elementor-widget-testimonial\" data-id=\"4bbf1c6\" data-element_type=\"widget\" data-widget_type=\"testimonial.default\">\n\t\t\t\t\t\t\t<div class=\"elementor-testimonial-wrapper\">\n\t\t\t\t\t\t\t<div class=\"elementor-testimonial-content\">\u201cHizmetlerinizden yararlanan bir m\u00fc\u015fteri olarak, yap\u0131lan i\u015ften son derece memnun kald\u0131m. Yorumlar, g\u00fcvenilirli\u011fi sa\u011flamak i\u00e7in \u00e7ok faydal\u0131d\u0131r.\u201d<\/div>\n\t\t\t\n\t\t\t\t\t\t<div class=\"elementor-testimonial-meta elementor-has-image elementor-testimonial-image-position-aside\">\n\t\t\t\t<div class=\"elementor-testimonial-meta-inner\">\n\t\t\t\t\t\t\t\t\t\t\t<div class=\"elementor-testimonial-image\">\n\t\t\t\t\t\t\t<img decoding=\"async\" src=\"https:\/\/zihinseldirilis.org\/wp-content\/uploads\/2025\/08\/wireframe-img-1-e1708013680578.png\" title=\"wireframe-img-1-e1708013680578.png\" alt=\"wireframe-img-1-e1708013680578.png\" loading=\"lazy\" \/>\t\t\t\t\t\t<\/div>\n\t\t\t\t\t\n\t\t\t\t\t\t\t\t\t\t<div class=\"elementor-testimonial-details\">\n\t\t\t\t\t\t\t\t\t\t\t\t\t\t<div class=\"elementor-testimonial-name\">Ay\u015fe Demir<\/div>\n\t\t\t\t\t\t\t\t\t\t\t\t\t\t\t\t\t\t\t<\/div>\n\t\t\t\t\t\t\t\t\t<\/div>\n\t\t\t<\/div>\n\t\t\t\t\t<\/div>\n\t\t\t\t\t\t<\/div>\n\t\t\t\t\t<\/div>\n\t\t\t\t<\/div>\n\t\t\t\t\t<\/div>\n\t\t\t\t<\/div>\n\t\t<div class=\"elementor-element elementor-element-60907ef e-flex e-con-boxed e-con e-parent\" data-id=\"60907ef\" data-element_type=\"container\" data-settings=\"{&quot;background_background&quot;:&quot;classic&quot;}\">\n\t\t\t\t\t<div class=\"e-con-inner\">\n\t\t<div class=\"elementor-element elementor-element-7862832 e-con-full e-flex e-con e-child\" data-id=\"7862832\" data-element_type=\"container\">\n\t\t\t\t<div class=\"elementor-element elementor-element-07e3b63 elementor-widget elementor-widget-heading\" data-id=\"07e3b63\" data-element_type=\"widget\" data-widget_type=\"heading.default\">\n\t\t\t\t\t<h2 class=\"elementor-heading-title elementor-size-default\">Dijital E\u011fitimle Gelece\u011fi \u0130n\u015fa Edin<\/h2>\t\t\t\t<\/div>\n\t\t\t\t<div class=\"elementor-element elementor-element-3767449 elementor-widget elementor-widget-text-editor\" data-id=\"3767449\" data-element_type=\"widget\" data-widget_type=\"text-editor.default\">\n\t\t\t\t\t\t\t\t\t<p>Gen\u00e7lere dijital okuryazarl\u0131k kazand\u0131rarak, bilgiyi etkili bir \u015fekilde kullanmalar\u0131na yard\u0131mc\u0131 oluyoruz. Kurulu\u015fumuz hakk\u0131nda daha fazla bilgi edinmek i\u00e7in a\u015fa\u011f\u0131daki butona t\u0131klay\u0131n.<\/p>\t\t\t\t\t\t\t\t<\/div>\n\t\t<div class=\"elementor-element elementor-element-e31c33a e-flex e-con-boxed e-con e-child\" data-id=\"e31c33a\" data-element_type=\"container\">\n\t\t\t\t\t<div class=\"e-con-inner\">\n\t\t\t\t<div class=\"elementor-element elementor-element-84d480a elementor-widget__width-auto elementor-align-right elementor-widget elementor-widget-button\" data-id=\"84d480a\" data-element_type=\"widget\" data-widget_type=\"button.default\">\n\t\t\t\t\t\t\t\t\t\t<a class=\"elementor-button elementor-button-link elementor-size-sm\" href=\"#\">\n\t\t\t\t\t\t<span class=\"elementor-button-content-wrapper\">\n\t\t\t\t\t\t\t\t\t<span class=\"elementor-button-text\">Daha Fazla Bilgi<\/span>\n\t\t\t\t\t<\/span>\n\t\t\t\t\t<\/a>\n\t\t\t\t\t\t\t\t<\/div>\n\t\t\t\t<div class=\"elementor-element elementor-element-05e5e4c elementor-widget__width-auto elementor-align-right elementor-widget elementor-widget-button\" data-id=\"05e5e4c\" data-element_type=\"widget\" data-widget_type=\"button.default\">\n\t\t\t\t\t\t\t\t\t\t<a class=\"elementor-button elementor-button-link elementor-size-sm\" href=\"#\">\n\t\t\t\t\t\t<span class=\"elementor-button-content-wrapper\">\n\t\t\t\t\t\t\t\t\t<span class=\"elementor-button-text\">Bizimle \u0130leti\u015fime Ge\u00e7<\/span>\n\t\t\t\t\t<\/span>\n\t\t\t\t\t<\/a>\n\t\t\t\t\t\t\t\t<\/div>\n\t\t\t\t\t<\/div>\n\t\t\t\t<\/div>\n\t\t\t\t<\/div>\n\t\t\t\t\t<\/div>\n\t\t\t\t<\/div>\n\t\t<div class=\"elementor-element elementor-element-ddc6338 e-flex e-con-boxed e-con e-parent\" data-id=\"ddc6338\" data-element_type=\"container\">\n\t\t\t\t\t<div class=\"e-con-inner\">\n\t\t\t\t<div class=\"elementor-element elementor-element-982fbca elementor-widget elementor-widget-heading\" data-id=\"982fbca\" data-element_type=\"widget\" data-widget_type=\"heading.default\">\n\t\t\t\t\t<h2 class=\"elementor-heading-title elementor-size-default\">Image Gallery<\/h2>\t\t\t\t<\/div>\n\t\t\t\t<div class=\"elementor-element elementor-element-44ab112 elementor-widget elementor-widget-heading\" data-id=\"44ab112\" data-element_type=\"widget\" data-widget_type=\"heading.default\">\n\t\t\t\t\t<h5 class=\"elementor-heading-title elementor-size-default\">Lorem ipsum dolor sit amet, consectetur adipiscing elit. Suspendisse varius enim in.<\/h5>\t\t\t\t<\/div>\n\t\t<div class=\"elementor-element elementor-element-24a9ec7 e-grid e-con-boxed e-con e-child\" data-id=\"24a9ec7\" data-element_type=\"container\">\n\t\t\t\t\t<div class=\"e-con-inner\">\n\t\t\t\t<div class=\"elementor-element elementor-element-a896161 elementor-widget elementor-widget-image\" data-id=\"a896161\" data-element_type=\"widget\" data-widget_type=\"image.default\">\n\t\t\t\t\t\t\t\t\t\t\t\t\t\t\t<img fetchpriority=\"high\" decoding=\"async\" width=\"1920\" height=\"1080\" src=\"https:\/\/zihinseldirilis.org\/wp-content\/uploads\/2025\/08\/placeholder-demo-image-640x640-1.jpg\" class=\"attachment-full size-full wp-image-488\" alt=\"\" srcset=\"https:\/\/zihinseldirilis.org\/wp-content\/uploads\/2025\/08\/placeholder-demo-image-640x640-1.jpg 1920w, https:\/\/zihinseldirilis.org\/wp-content\/uploads\/2025\/08\/placeholder-demo-image-640x640-1-300x169.jpg 300w, https:\/\/zihinseldirilis.org\/wp-content\/uploads\/2025\/08\/placeholder-demo-image-640x640-1-1024x576.jpg 1024w, https:\/\/zihinseldirilis.org\/wp-content\/uploads\/2025\/08\/placeholder-demo-image-640x640-1-768x432.jpg 768w, https:\/\/zihinseldirilis.org\/wp-content\/uploads\/2025\/08\/placeholder-demo-image-640x640-1-1536x864.jpg 1536w\" sizes=\"(max-width: 1920px) 100vw, 1920px\" \/>\t\t\t\t\t\t\t\t\t\t\t\t\t\t\t<\/div>\n\t\t\t\t<div class=\"elementor-element elementor-element-3b66df6 elementor-widget elementor-widget-image\" data-id=\"3b66df6\" data-element_type=\"widget\" data-widget_type=\"image.default\">\n\t\t\t\t\t\t\t\t\t\t\t\t\t\t\t<img fetchpriority=\"high\" decoding=\"async\" width=\"1920\" height=\"1080\" src=\"https:\/\/zihinseldirilis.org\/wp-content\/uploads\/2025\/08\/placeholder-demo-image-640x640-1.jpg\" class=\"attachment-full size-full wp-image-488\" alt=\"\" srcset=\"https:\/\/zihinseldirilis.org\/wp-content\/uploads\/2025\/08\/placeholder-demo-image-640x640-1.jpg 1920w, https:\/\/zihinseldirilis.org\/wp-content\/uploads\/2025\/08\/placeholder-demo-image-640x640-1-300x169.jpg 300w, https:\/\/zihinseldirilis.org\/wp-content\/uploads\/2025\/08\/placeholder-demo-image-640x640-1-1024x576.jpg 1024w, https:\/\/zihinseldirilis.org\/wp-content\/uploads\/2025\/08\/placeholder-demo-image-640x640-1-768x432.jpg 768w, https:\/\/zihinseldirilis.org\/wp-content\/uploads\/2025\/08\/placeholder-demo-image-640x640-1-1536x864.jpg 1536w\" sizes=\"(max-width: 1920px) 100vw, 1920px\" \/>\t\t\t\t\t\t\t\t\t\t\t\t\t\t\t<\/div>\n\t\t\t\t<div class=\"elementor-element elementor-element-38b772d elementor-widget elementor-widget-image\" data-id=\"38b772d\" data-element_type=\"widget\" data-widget_type=\"image.default\">\n\t\t\t\t\t\t\t\t\t\t\t\t\t\t\t<img fetchpriority=\"high\" decoding=\"async\" width=\"1920\" height=\"1080\" src=\"https:\/\/zihinseldirilis.org\/wp-content\/uploads\/2025\/08\/placeholder-demo-image-640x640-1.jpg\" class=\"attachment-full size-full wp-image-488\" alt=\"\" srcset=\"https:\/\/zihinseldirilis.org\/wp-content\/uploads\/2025\/08\/placeholder-demo-image-640x640-1.jpg 1920w, https:\/\/zihinseldirilis.org\/wp-content\/uploads\/2025\/08\/placeholder-demo-image-640x640-1-300x169.jpg 300w, https:\/\/zihinseldirilis.org\/wp-content\/uploads\/2025\/08\/placeholder-demo-image-640x640-1-1024x576.jpg 1024w, https:\/\/zihinseldirilis.org\/wp-content\/uploads\/2025\/08\/placeholder-demo-image-640x640-1-768x432.jpg 768w, https:\/\/zihinseldirilis.org\/wp-content\/uploads\/2025\/08\/placeholder-demo-image-640x640-1-1536x864.jpg 1536w\" sizes=\"(max-width: 1920px) 100vw, 1920px\" \/>\t\t\t\t\t\t\t\t\t\t\t\t\t\t\t<\/div>\n\t\t\t\t\t<\/div>\n\t\t\t\t<\/div>\n\t\t\t\t\t<\/div>\n\t\t\t\t<\/div>\n\t\t\t\t<\/div>\n\t\t","protected":false},"excerpt":{"rendered":"<p>Yenilik\u00e7i E\u011fitim Platformu Gen\u00e7ler i\u00e7in dijital okuryazarl\u0131\u011f\u0131 art\u0131rmay\u0131 hedefliyoruz. Kurulu\u015f Hakk\u0131nda Kurulu\u015fumuz, gen\u00e7lerin dijital okuryazarl\u0131\u011f\u0131n\u0131 art\u0131rmak amac\u0131yla, e\u011fitim ve k\u00fclt\u00fcrel miras\u0131n \u00f6nemi \u00fczerinde durmaktad\u0131r. Misyonumuz, veri egemenli\u011fini koruma, k\u00fclt\u00fcrel haf\u0131za ar\u015fivleme ve diasporalara yard\u0131mc\u0131 olma \u00fczerine in\u015fa edilmi\u015ftir. Bu ba\u011flamda, s\u00fcrekli geli\u015fim ve yenilik\u00e7ilik hedeflerimiz do\u011frultusunda, gen\u00e7lerimize ihtiya\u00e7 duyduklar\u0131 ara\u00e7lar\u0131 sunmay\u0131 ama\u00e7l\u0131yoruz. Misyonumuz Gen\u00e7lere g\u00fc\u00e7 [&hellip;]<\/p>\n","protected":false},"author":1,"featured_media":0,"parent":0,"menu_order":0,"comment_status":"closed","ping_status":"closed","template":"","meta":{"footnotes":""},"class_list":["post-463","page","type-page","status-publish","hentry"],"blocksy_meta":[],"_links":{"self":[{"href":"https:\/\/zihinseldirilis.org\/index.php?rest_route=\/wp\/v2\/pages\/463","targetHints":{"allow":["GET"]}}],"collection":[{"href":"https:\/\/zihinseldirilis.org\/index.php?rest_route=\/wp\/v2\/pages"}],"about":[{"href":"https:\/\/zihinseldirilis.org\/index.php?rest_route=\/wp\/v2\/types\/page"}],"author":[{"embeddable":true,"href":"https:\/\/zihinseldirilis.org\/index.php?rest_route=\/wp\/v2\/users\/1"}],"replies":[{"embeddable":true,"href":"https:\/\/zihinseldirilis.org\/index.php?rest_route=%2Fwp%2Fv2%2Fcomments&post=463"}],"version-history":[{"count":1,"href":"https:\/\/zihinseldirilis.org\/index.php?rest_route=\/wp\/v2\/pages\/463\/revisions"}],"predecessor-version":[{"id":489,"href":"https:\/\/zihinseldirilis.org\/index.php?rest_route=\/wp\/v2\/pages\/463\/revisions\/489"}],"wp:attachment":[{"href":"https:\/\/zihinseldirilis.org\/index.php?rest_route=%2Fwp%2Fv2%2Fmedia&parent=463"}],"curies":[{"name":"wp","href":"https:\/\/api.w.org\/{rel}","templated":true}]}}