{"id":462,"date":"2025-08-28T06:03:03","date_gmt":"2025-08-28T06:03:03","guid":{"rendered":"https:\/\/zihinseldirilis.org\/?page_id=462"},"modified":"2025-08-28T08:40:09","modified_gmt":"2025-08-28T08:40:09","slug":"ana-sayfa","status":"publish","type":"page","link":"https:\/\/zihinseldirilis.org\/","title":{"rendered":"Ana Sayfa"},"content":{"rendered":"\t\t<div data-elementor-type=\"wp-page\" data-elementor-id=\"462\" class=\"elementor elementor-462\">\n\t\t\t\t<div class=\"elementor-element elementor-element-804d2be e-flex e-con-boxed e-con e-parent\" data-id=\"804d2be\" data-element_type=\"container\" data-settings=\"{&quot;background_background&quot;:&quot;classic&quot;}\">\n\t\t\t\t\t<div class=\"e-con-inner\">\n\t\t<div class=\"elementor-element elementor-element-a6d160f e-con-full e-flex e-con e-child\" data-id=\"a6d160f\" data-element_type=\"container\">\n\t\t\t\t<div class=\"elementor-element elementor-element-0f421e9 elementor-widget__width-auto elementor-widget elementor-widget-heading\" data-id=\"0f421e9\" data-element_type=\"widget\" data-widget_type=\"heading.default\">\n\t\t\t\t\t<h1 class=\"elementor-heading-title elementor-size-default\">Gelece\u011fin E\u011fitimine Ho\u015f Geldiniz<\/h1>\t\t\t\t<\/div>\n\t\t<div class=\"elementor-element elementor-element-288acdd e-con-full e-flex e-con e-child\" data-id=\"288acdd\" data-element_type=\"container\">\n\t\t\t\t<div class=\"elementor-element elementor-element-d82d57d elementor-widget__width-auto elementor-widget elementor-widget-button\" data-id=\"d82d57d\" data-element_type=\"widget\" data-widget_type=\"button.default\">\n\t\t\t\t\t\t\t\t\t\t<a class=\"elementor-button elementor-button-link elementor-size-sm\" href=\"#\">\n\t\t\t\t\t\t<span class=\"elementor-button-content-wrapper\">\n\t\t\t\t\t\t\t\t\t<span class=\"elementor-button-text\">E\u011fitim Mod\u00fclleri<\/span>\n\t\t\t\t\t<\/span>\n\t\t\t\t\t<\/a>\n\t\t\t\t\t\t\t\t<\/div>\n\t\t\t\t<div class=\"elementor-element elementor-element-c9c9bc7 elementor-widget__width-auto elementor-widget elementor-widget-button\" data-id=\"c9c9bc7\" data-element_type=\"widget\" data-widget_type=\"button.default\">\n\t\t\t\t\t\t\t\t\t\t<a class=\"elementor-button elementor-button-link elementor-size-sm\" href=\"#\">\n\t\t\t\t\t\t<span class=\"elementor-button-content-wrapper\">\n\t\t\t\t\t\t\t\t\t<span class=\"elementor-button-text\">Ke\u015ffet<\/span>\n\t\t\t\t\t<\/span>\n\t\t\t\t\t<\/a>\n\t\t\t\t\t\t\t\t<\/div>\n\t\t\t\t<\/div>\n\t\t\t\t<\/div>\n\t\t<div class=\"elementor-element elementor-element-97adcfb e-con-full e-flex e-con e-child\" data-id=\"97adcfb\" data-element_type=\"container\">\n\t\t\t\t<div class=\"elementor-element elementor-element-3d61452 elementor-widget elementor-widget-text-editor\" data-id=\"3d61452\" data-element_type=\"widget\" data-widget_type=\"text-editor.default\">\n\t\t\t\t\t\t\t\t\t<p>Dijital d\u00fcnya, gen\u00e7ler i\u00e7in yeni f\u0131rsatlar sunuyor. E\u011fitim mod\u00fcllerimizle dijital okuryazarl\u0131\u011f\u0131 art\u0131rmay\u0131 hedefliyoruz. Gen\u00e7leri destekleyen i\u00e7erikler ve interaktif ara\u00e7larla dolu bir deneyim sunuyoruz. Sizi kat\u0131lmaya ve kendi potansiyelinizi ke\u015ffetmeye davet ediyoruz. Birlikte k\u00fclt\u00fcrel miras\u0131m\u0131z\u0131 korurken, gelece\u011fi \u015fekillendirebiliriz.<\/p>\t\t\t\t\t\t\t\t<\/div>\n\t\t\t\t<\/div>\n\t\t\t\t\t<\/div>\n\t\t\t\t<\/div>\n\t\t<div class=\"elementor-element elementor-element-5e5bf62 e-flex e-con-boxed e-con e-parent\" data-id=\"5e5bf62\" data-element_type=\"container\">\n\t\t\t\t\t<div class=\"e-con-inner\">\n\t\t<div class=\"elementor-element elementor-element-c18eca0 e-con-full e-flex e-con e-child\" data-id=\"c18eca0\" data-element_type=\"container\">\n\t\t\t\t<div class=\"elementor-element elementor-element-b6a8b46 elementor-widget elementor-widget-heading\" data-id=\"b6a8b46\" data-element_type=\"widget\" data-widget_type=\"heading.default\">\n\t\t\t\t\t<h2 class=\"elementor-heading-title elementor-size-default\">K\u00fclt\u00fcrel Miras ve E\u011fitimde Dijital Yenilikler<\/h2>\t\t\t\t<\/div>\n\t\t\t\t<\/div>\n\t\t<div class=\"elementor-element elementor-element-6385412 e-con-full e-flex e-con e-child\" data-id=\"6385412\" data-element_type=\"container\">\n\t\t\t\t<div class=\"elementor-element elementor-element-2015f5e elementor-widget elementor-widget-text-editor\" data-id=\"2015f5e\" data-element_type=\"widget\" data-widget_type=\"text-editor.default\">\n\t\t\t\t\t\t\t\t\t<p>Bu web sitesi, gen\u00e7lerin dijital d\u00fcnyada yer alabilmesi i\u00e7in gerekli bilgi ve becerileri kazand\u0131rmay\u0131 hedefliyor. E\u011fitim mod\u00fcllerimiz ve kaynaklar\u0131m\u0131zla, kullan\u0131c\u0131lar\u0131m\u0131za k\u00fclt\u00fcrel haf\u0131zay\u0131 ve veri egemenli\u011fini g\u00fc\u00e7lendiren ara\u00e7lar sunuyoruz.<\/p>\t\t\t\t\t\t\t\t<\/div>\n\t\t<div class=\"elementor-element elementor-element-409f820 e-con-full e-flex e-con e-child\" data-id=\"409f820\" data-element_type=\"container\">\n\t\t\t\t<div class=\"elementor-element elementor-element-238da48 elementor-widget elementor-widget-icon-box\" data-id=\"238da48\" data-element_type=\"widget\" data-widget_type=\"icon-box.default\">\n\t\t\t\t\t\t\t<div class=\"elementor-icon-box-wrapper\">\n\n\t\t\t\n\t\t\t\t\t\t<div class=\"elementor-icon-box-content\">\n\n\t\t\t\t\t\t\t\t\t<h3 class=\"elementor-icon-box-title\">\n\t\t\t\t\t\t<span  >\n\t\t\t\t\t\t\tMisyonumuz\t\t\t\t\t\t<\/span>\n\t\t\t\t\t<\/h3>\n\t\t\t\t\n\t\t\t\t\t\t\t\t\t<p class=\"elementor-icon-box-description\">\n\t\t\t\t\t\tGen\u00e7lerin k\u00fclt\u00fcrel mirasa sahip \u00e7\u0131kmas\u0131n\u0131 desteklemek ve dijital okuryazarl\u0131klar\u0131n\u0131 art\u0131rmak amac\u0131yla e\u011fitim f\u0131rsatlar\u0131 sunmak.\t\t\t\t\t<\/p>\n\t\t\t\t\n\t\t\t<\/div>\n\t\t\t\n\t\t<\/div>\n\t\t\t\t\t\t<\/div>\n\t\t\t\t<div class=\"elementor-element elementor-element-89b3d7d elementor-widget elementor-widget-icon-box\" data-id=\"89b3d7d\" data-element_type=\"widget\" data-widget_type=\"icon-box.default\">\n\t\t\t\t\t\t\t<div class=\"elementor-icon-box-wrapper\">\n\n\t\t\t\n\t\t\t\t\t\t<div class=\"elementor-icon-box-content\">\n\n\t\t\t\t\t\t\t\t\t<h3 class=\"elementor-icon-box-title\">\n\t\t\t\t\t\t<span  >\n\t\t\t\t\t\t\tVizyonumuz\t\t\t\t\t\t<\/span>\n\t\t\t\t\t<\/h3>\n\t\t\t\t\n\t\t\t\t\t\t\t\t\t<p class=\"elementor-icon-box-description\">\n\t\t\t\t\t\tDijital \u00e7a\u011fda diaspora topluluklar\u0131 aras\u0131nda k\u00fclt\u00fcrel ba\u011flar\u0131 g\u00fc\u00e7lendirerek, toplumsal fark\u0131ndal\u0131\u011f\u0131 art\u0131rmak ve s\u00fcrd\u00fcr\u00fclebilir geli\u015fimi desteklemek.\t\t\t\t\t<\/p>\n\t\t\t\t\n\t\t\t<\/div>\n\t\t\t\n\t\t<\/div>\n\t\t\t\t\t\t<\/div>\n\t\t\t\t<\/div>\n\t\t\t\t<\/div>\n\t\t\t\t\t<\/div>\n\t\t\t\t<\/div>\n\t\t<div class=\"elementor-element elementor-element-999e9db e-flex e-con-boxed e-con e-parent\" data-id=\"999e9db\" data-element_type=\"container\">\n\t\t\t\t\t<div class=\"e-con-inner\">\n\t\t<div class=\"elementor-element elementor-element-7af2373 e-con-full e-flex e-con e-child\" data-id=\"7af2373\" data-element_type=\"container\">\n\t\t\t\t<div class=\"elementor-element elementor-element-02ef1fc elementor-widget elementor-widget-heading\" data-id=\"02ef1fc\" data-element_type=\"widget\" data-widget_type=\"heading.default\">\n\t\t\t\t\t<h2 class=\"elementor-heading-title elementor-size-default\">Hizmetler<\/h2>\t\t\t\t<\/div>\n\t\t\t\t<div class=\"elementor-element elementor-element-6948a42 elementor-widget-mobile__width-inherit elementor-widget elementor-widget-text-editor\" data-id=\"6948a42\" data-element_type=\"widget\" data-widget_type=\"text-editor.default\">\n\t\t\t\t\t\t\t\t\t<p>Bu b\u00f6l\u00fcmde sundu\u011fumuz e\u011fitim mod\u00fclleri ve etkile\u015fimli harita gibi hizmetleri ke\u015ffedin. Her bir hizmet, kullan\u0131c\u0131lar\u0131n dijital becerilerini geli\u015ftirmeye y\u00f6neliktir ve topluluklarla ba\u011flant\u0131 kurma f\u0131rsatlar\u0131 sunar.<\/p>\t\t\t\t\t\t\t\t<\/div>\n\t\t\t\t<div class=\"elementor-element elementor-element-b7cbf99 elementor-widget__width-auto elementor-widget elementor-widget-button\" data-id=\"b7cbf99\" data-element_type=\"widget\" data-widget_type=\"button.default\">\n\t\t\t\t\t\t\t\t\t\t<a class=\"elementor-button elementor-button-link elementor-size-sm\" href=\"#\">\n\t\t\t\t\t\t<span class=\"elementor-button-content-wrapper\">\n\t\t\t\t\t\t\t\t\t<span class=\"elementor-button-text\">Daha Fazla Bilgi<\/span>\n\t\t\t\t\t<\/span>\n\t\t\t\t\t<\/a>\n\t\t\t\t\t\t\t\t<\/div>\n\t\t\t\t<\/div>\n\t\t<div class=\"elementor-element elementor-element-087a048 e-con-full e-flex e-con e-child\" data-id=\"087a048\" data-element_type=\"container\">\n\t\t\t\t<div class=\"elementor-element elementor-element-12ff2c7 elementor-widget__width-initial elementor-widget-mobile__width-inherit elementor-widget elementor-widget-flip-box\" data-id=\"12ff2c7\" data-element_type=\"widget\" data-widget_type=\"flip-box.default\">\n\t\t\t\t<div class=\"elementor-widget-container\">\n\t\t\t\t\t \t\t\t\t<\/div>\n\t\t\t\t<\/div>\n\t\t\t\t<div class=\"elementor-element elementor-element-6742315 elementor-widget__width-initial elementor-widget-mobile__width-inherit elementor-widget elementor-widget-flip-box\" data-id=\"6742315\" data-element_type=\"widget\" data-widget_type=\"flip-box.default\">\n\t\t\t\t<div class=\"elementor-widget-container\">\n\t\t\t\t\t \t\t\t\t<\/div>\n\t\t\t\t<\/div>\n\t\t\t\t<div class=\"elementor-element elementor-element-af15205 elementor-widget__width-initial elementor-widget-mobile__width-inherit elementor-widget elementor-widget-flip-box\" data-id=\"af15205\" data-element_type=\"widget\" data-widget_type=\"flip-box.default\">\n\t\t\t\t<div class=\"elementor-widget-container\">\n\t\t\t\t\t \t\t\t\t<\/div>\n\t\t\t\t<\/div>\n\t\t\t\t<div class=\"elementor-element elementor-element-cdf5a08 elementor-widget__width-initial elementor-widget-mobile__width-inherit elementor-widget elementor-widget-flip-box\" data-id=\"cdf5a08\" data-element_type=\"widget\" data-widget_type=\"flip-box.default\">\n\t\t\t\t<div class=\"elementor-widget-container\">\n\t\t\t\t\t \t\t\t\t<\/div>\n\t\t\t\t<\/div>\n\t\t\t\t<\/div>\n\t\t\t\t\t<\/div>\n\t\t\t\t<\/div>\n\t\t<div class=\"elementor-element elementor-element-edc91cc e-con-full e-flex e-con e-parent\" data-id=\"edc91cc\" data-element_type=\"container\">\n\t\t<div class=\"elementor-element elementor-element-5545295 e-con-full e-flex e-con e-child\" data-id=\"5545295\" data-element_type=\"container\">\n\t\t\t\t<div class=\"elementor-element elementor-element-e837f50 elementor-widget elementor-widget-heading\" data-id=\"e837f50\" data-element_type=\"widget\" data-widget_type=\"heading.default\">\n\t\t\t\t\t<h2 class=\"elementor-heading-title elementor-size-default\">K\u00fclt\u00fcrel Ba\u011flant\u0131lar<\/h2>\t\t\t\t<\/div>\n\t\t\t\t<div class=\"elementor-element elementor-element-c98cf63 elementor-widget elementor-widget-heading\" data-id=\"c98cf63\" data-element_type=\"widget\" data-widget_type=\"heading.default\">\n\t\t\t\t\t<h2 class=\"elementor-heading-title elementor-size-default\">Son Blog Yaz\u0131lar\u0131m\u0131z\u0131 Ke\u015ffedin<\/h2>\t\t\t\t<\/div>\n\t\t\t\t<\/div>\n\t\t\t\t<div class=\"elementor-element elementor-element-1026fd3 elementor-widget elementor-widget-posts\" data-id=\"1026fd3\" data-element_type=\"widget\" data-widget_type=\"posts.default\">\n\t\t\t\t<div class=\"elementor-widget-container\">\n\t\t\t\t\t \t\t\t\t<\/div>\n\t\t\t\t<\/div>\n\t\t\t\t<div class=\"elementor-element elementor-element-8217732 elementor-widget__width-auto elementor-align-right elementor-widget elementor-widget-button\" data-id=\"8217732\" data-element_type=\"widget\" data-widget_type=\"button.default\">\n\t\t\t\t\t\t\t\t\t\t<a class=\"elementor-button elementor-button-link elementor-size-sm\" href=\"#\">\n\t\t\t\t\t\t<span class=\"elementor-button-content-wrapper\">\n\t\t\t\t\t\t\t\t\t<span class=\"elementor-button-text\">T\u00fcm\u00fcn\u00fc G\u00f6r<\/span>\n\t\t\t\t\t<\/span>\n\t\t\t\t\t<\/a>\n\t\t\t\t\t\t\t\t<\/div>\n\t\t\t\t<\/div>\n\t\t<div class=\"elementor-element elementor-element-40ec9ef e-con-full e-flex e-con e-parent\" data-id=\"40ec9ef\" data-element_type=\"container\" data-settings=\"{&quot;background_background&quot;:&quot;classic&quot;}\">\n\t\t<div class=\"elementor-element elementor-element-6a7a6be e-con-full e-flex e-con e-child\" data-id=\"6a7a6be\" data-element_type=\"container\">\n\t\t\t\t<div class=\"elementor-element elementor-element-9a94896 elementor-widget elementor-widget-heading\" data-id=\"9a94896\" data-element_type=\"widget\" data-widget_type=\"heading.default\">\n\t\t\t\t\t<h1 class=\"elementor-heading-title elementor-size-default\">E\u011fitim Mod\u00fcllerimize Kat\u0131l\u0131n<\/h1>\t\t\t\t<\/div>\n\t\t\t\t<\/div>\n\t\t<div class=\"elementor-element elementor-element-628f452 e-con-full e-flex e-con e-child\" data-id=\"628f452\" data-element_type=\"container\">\n\t\t\t\t<div class=\"elementor-element elementor-element-d97bfa4 elementor-widget elementor-widget-heading\" data-id=\"d97bfa4\" data-element_type=\"widget\" data-widget_type=\"heading.default\">\n\t\t\t\t\t<h5 class=\"elementor-heading-title elementor-size-default\">Gen\u00e7leri dijital bilgilerle donatmak i\u00e7in bir araya gelin. Yolculu\u011funuza bug\u00fcn ba\u015flay\u0131n.<\/h5>\t\t\t\t<\/div>\n\t\t\t\t<div class=\"elementor-element elementor-element-d30c08f elementor-widget__width-auto elementor-widget elementor-widget-button\" data-id=\"d30c08f\" data-element_type=\"widget\" data-widget_type=\"button.default\">\n\t\t\t\t\t\t\t\t\t\t<a class=\"elementor-button elementor-button-link elementor-size-sm\" href=\"#\">\n\t\t\t\t\t\t<span class=\"elementor-button-content-wrapper\">\n\t\t\t\t\t\t\t\t\t<span class=\"elementor-button-text\">Kay\u0131t Ol<\/span>\n\t\t\t\t\t<\/span>\n\t\t\t\t\t<\/a>\n\t\t\t\t\t\t\t\t<\/div>\n\t\t\t\t<\/div>\n\t\t\t\t<\/div>\n\t\t<div class=\"elementor-element elementor-element-2dd2e11 e-flex e-con-boxed e-con e-parent\" data-id=\"2dd2e11\" data-element_type=\"container\">\n\t\t\t\t\t<div class=\"e-con-inner\">\n\t\t<div class=\"elementor-element elementor-element-709a09a e-con-full e-flex e-con e-child\" data-id=\"709a09a\" data-element_type=\"container\">\n\t\t\t\t<div class=\"elementor-element elementor-element-d66a911 elementor-widget elementor-widget-icon-box\" data-id=\"d66a911\" data-element_type=\"widget\" data-widget_type=\"icon-box.default\">\n\t\t\t\t\t\t\t<div class=\"elementor-icon-box-wrapper\">\n\n\t\t\t\n\t\t\t\t\t\t<div class=\"elementor-icon-box-content\">\n\n\t\t\t\t\t\t\t\t\t<p class=\"elementor-icon-box-title\">\n\t\t\t\t\t\t<span  >\n\t\t\t\t\t\t\tG\u00fcvenilir Referanslar\t\t\t\t\t\t<\/span>\n\t\t\t\t\t<\/p>\n\t\t\t\t\n\t\t\t\t\t\t\t\t\t<p class=\"elementor-icon-box-description\">\n\t\t\t\t\t\tKullan\u0131c\u0131lar\u0131m\u0131z\u0131n Deneyimleri\t\t\t\t\t<\/p>\n\t\t\t\t\n\t\t\t<\/div>\n\t\t\t\n\t\t<\/div>\n\t\t\t\t\t\t<\/div>\n\t\t\t\t<div class=\"elementor-element elementor-element-6d03c19 elementor-widget elementor-widget-testimonial\" data-id=\"6d03c19\" data-element_type=\"widget\" data-widget_type=\"testimonial.default\">\n\t\t\t\t\t\t\t<div class=\"elementor-testimonial-wrapper\">\n\t\t\t\t\t\t\t<div class=\"elementor-testimonial-content\">\u201cBu platform, gen\u00e7lerin dijital becerilerini geli\u015ftirmek i\u00e7in harika bir kaynak oldu. E\u011fitim mod\u00fclleri ve etkile\u015fimli haritalar beni \u00e7ok etkiledi.\u201d<\/div>\n\t\t\t\n\t\t\t\t\t\t<div class=\"elementor-testimonial-meta\">\n\t\t\t\t<div class=\"elementor-testimonial-meta-inner\">\n\t\t\t\t\t\n\t\t\t\t\t\t\t\t\t\t<div class=\"elementor-testimonial-details\">\n\t\t\t\t\t\t\t\t\t\t\t\t\t\t<div class=\"elementor-testimonial-name\">Ali Can | E\u011fitimci<\/div>\n\t\t\t\t\t\t\t\t\t\t\t\t\t\t\t\t\t\t\t\t\t\t<div class=\"elementor-testimonial-job\">\u00d6\u011fretmen<\/div>\n\t\t\t\t\t\t\t\t\t\t\t\t\t<\/div>\n\t\t\t\t\t\t\t\t\t<\/div>\n\t\t\t<\/div>\n\t\t\t\t\t<\/div>\n\t\t\t\t\t\t<\/div>\n\t\t\t\t<\/div>\n\t\t\t\t<div class=\"elementor-element elementor-element-4640e3f elementor-widget__width-initial elementor-widget-tablet__width-inherit elementor-widget elementor-widget-image\" data-id=\"4640e3f\" data-element_type=\"widget\" data-widget_type=\"image.default\">\n\t\t\t\t\t\t\t\t\t\t\t\t\t\t\t<img fetchpriority=\"high\" decoding=\"async\" width=\"1024\" height=\"1024\" src=\"https:\/\/zihinseldirilis.org\/wp-content\/uploads\/2025\/08\/wireframe-img-1-e1708013680578-1024x1024.png\" class=\"attachment-large size-large wp-image-464\" alt=\"\" srcset=\"https:\/\/zihinseldirilis.org\/wp-content\/uploads\/2025\/08\/wireframe-img-1-e1708013680578-1024x1024.png 1024w, https:\/\/zihinseldirilis.org\/wp-content\/uploads\/2025\/08\/wireframe-img-1-e1708013680578-300x300.png 300w, https:\/\/zihinseldirilis.org\/wp-content\/uploads\/2025\/08\/wireframe-img-1-e1708013680578-150x150.png 150w, https:\/\/zihinseldirilis.org\/wp-content\/uploads\/2025\/08\/wireframe-img-1-e1708013680578-768x767.png 768w, https:\/\/zihinseldirilis.org\/wp-content\/uploads\/2025\/08\/wireframe-img-1-e1708013680578.png 1081w\" sizes=\"(max-width: 1024px) 100vw, 1024px\" \/>\t\t\t\t\t\t\t\t\t\t\t\t\t\t\t<\/div>\n\t\t\t\t\t<\/div>\n\t\t\t\t<\/div>\n\t\t<div class=\"elementor-element elementor-element-53ed949 e-flex e-con-boxed e-con e-parent\" data-id=\"53ed949\" data-element_type=\"container\">\n\t\t\t\t\t<div class=\"e-con-inner\">\n\t\t<div class=\"elementor-element elementor-element-b4de5d4 e-con-full e-flex e-con e-child\" data-id=\"b4de5d4\" data-element_type=\"container\">\n\t\t\t\t<div class=\"elementor-element elementor-element-802b10e elementor-view-default elementor-position-top elementor-mobile-position-top elementor-widget elementor-widget-icon-box\" data-id=\"802b10e\" data-element_type=\"widget\" data-widget_type=\"icon-box.default\">\n\t\t\t\t\t\t\t<div class=\"elementor-icon-box-wrapper\">\n\n\t\t\t\t\t\t<div class=\"elementor-icon-box-icon\">\n\t\t\t\t<span  class=\"elementor-icon\">\n\t\t\t\t<svg aria-hidden=\"true\" class=\"e-font-icon-svg e-fas-envelope\" viewBox=\"0 0 512 512\" xmlns=\"http:\/\/www.w3.org\/2000\/svg\"><path d=\"M502.3 190.8c3.9-3.1 9.7-.2 9.7 4.7V400c0 26.5-21.5 48-48 48H48c-26.5 0-48-21.5-48-48V195.6c0-5 5.7-7.8 9.7-4.7 22.4 17.4 52.1 39.5 154.1 113.6 21.1 15.4 56.7 47.8 92.2 47.6 35.7.3 72-32.8 92.3-47.6 102-74.1 131.6-96.3 154-113.7zM256 320c23.2.4 56.6-29.2 73.4-41.4 132.7-96.3 142.8-104.7 173.4-128.7 5.8-4.5 9.2-11.5 9.2-18.9v-19c0-26.5-21.5-48-48-48H48C21.5 64 0 85.5 0 112v19c0 7.4 3.4 14.3 9.2 18.9 30.6 23.9 40.7 32.4 173.4 128.7 16.8 12.2 50.2 41.8 73.4 41.4z\"><\/path><\/svg>\t\t\t\t<\/span>\n\t\t\t<\/div>\n\t\t\t\n\t\t\t\t\t\t<div class=\"elementor-icon-box-content\">\n\n\t\t\t\t\t\t\t\t\t<h3 class=\"elementor-icon-box-title\">\n\t\t\t\t\t\t<span  >\n\t\t\t\t\t\t\tE-posta\t\t\t\t\t\t<\/span>\n\t\t\t\t\t<\/h3>\n\t\t\t\t\n\t\t\t\t\t\t\t\t\t<p class=\"elementor-icon-box-description\">\n\t\t\t\t\t\tBize e-posta ile ula\u015fabilirsiniz. Sorular\u0131n\u0131z\u0131 veya g\u00f6r\u00fc\u015flerinizi payla\u015fmaktan \u00e7ekinmeyin.\t\t\t\t\t<\/p>\n\t\t\t\t\n\t\t\t<\/div>\n\t\t\t\n\t\t<\/div>\n\t\t\t\t\t\t<\/div>\n\t\t\t\t<div class=\"elementor-element elementor-element-8aec3d7 elementor-widget elementor-widget-text-editor\" data-id=\"8aec3d7\" data-element_type=\"widget\" data-widget_type=\"text-editor.default\">\n\t\t\t\t\t\t\t\t\t<p><span style=\"text-decoration: underline;\">info@zihinseldirilis.org<\/span><\/p>\t\t\t\t\t\t\t\t<\/div>\n\t\t\t\t<\/div>\n\t\t<div class=\"elementor-element elementor-element-093b45d e-con-full e-flex e-con e-child\" data-id=\"093b45d\" data-element_type=\"container\">\n\t\t\t\t<div class=\"elementor-element elementor-element-bec46cb elementor-view-default elementor-position-top elementor-mobile-position-top elementor-widget elementor-widget-icon-box\" data-id=\"bec46cb\" data-element_type=\"widget\" data-widget_type=\"icon-box.default\">\n\t\t\t\t\t\t\t<div class=\"elementor-icon-box-wrapper\">\n\n\t\t\t\t\t\t<div class=\"elementor-icon-box-icon\">\n\t\t\t\t<span  class=\"elementor-icon\">\n\t\t\t\t<svg aria-hidden=\"true\" class=\"e-font-icon-svg e-fas-phone-alt\" viewBox=\"0 0 512 512\" xmlns=\"http:\/\/www.w3.org\/2000\/svg\"><path d=\"M497.39 361.8l-112-48a24 24 0 0 0-28 6.9l-49.6 60.6A370.66 370.66 0 0 1 130.6 204.11l60.6-49.6a23.94 23.94 0 0 0 6.9-28l-48-112A24.16 24.16 0 0 0 122.6.61l-104 24A24 24 0 0 0 0 48c0 256.5 207.9 464 464 464a24 24 0 0 0 23.4-18.6l24-104a24.29 24.29 0 0 0-14.01-27.6z\"><\/path><\/svg>\t\t\t\t<\/span>\n\t\t\t<\/div>\n\t\t\t\n\t\t\t\t\t\t<div class=\"elementor-icon-box-content\">\n\n\t\t\t\t\t\t\t\t\t<h3 class=\"elementor-icon-box-title\">\n\t\t\t\t\t\t<span  >\n\t\t\t\t\t\t\tTelefon\t\t\t\t\t\t<\/span>\n\t\t\t\t\t<\/h3>\n\t\t\t\t\n\t\t\t\t\t\t\t\t\t<p class=\"elementor-icon-box-description\">\n\t\t\t\t\t\tBize telefonla ula\u015fabilirsiniz. \u0130htiyac\u0131n\u0131z olan her t\u00fcrl\u00fc deste\u011fi vermeye haz\u0131r\u0131z.\t\t\t\t\t<\/p>\n\t\t\t\t\n\t\t\t<\/div>\n\t\t\t\n\t\t<\/div>\n\t\t\t\t\t\t<\/div>\n\t\t\t\t<div class=\"elementor-element elementor-element-cff0b8f elementor-widget elementor-widget-text-editor\" data-id=\"cff0b8f\" data-element_type=\"widget\" data-widget_type=\"text-editor.default\">\n\t\t\t\t\t\t\t\t\t<p><span style=\"text-decoration: underline;\">0531 919 72 71<\/span><\/p>\t\t\t\t\t\t\t\t<\/div>\n\t\t\t\t<\/div>\n\t\t<div class=\"elementor-element elementor-element-248ba40 e-con-full e-flex e-con e-child\" data-id=\"248ba40\" data-element_type=\"container\">\n\t\t\t\t<div class=\"elementor-element elementor-element-86606d3 elementor-view-default elementor-position-top elementor-mobile-position-top elementor-widget elementor-widget-icon-box\" data-id=\"86606d3\" data-element_type=\"widget\" data-widget_type=\"icon-box.default\">\n\t\t\t\t\t\t\t<div class=\"elementor-icon-box-wrapper\">\n\n\t\t\t\t\t\t<div class=\"elementor-icon-box-icon\">\n\t\t\t\t<span  class=\"elementor-icon\">\n\t\t\t\t<svg aria-hidden=\"true\" class=\"e-font-icon-svg e-fas-map-marker-alt\" viewBox=\"0 0 384 512\" xmlns=\"http:\/\/www.w3.org\/2000\/svg\"><path d=\"M172.268 501.67C26.97 291.031 0 269.413 0 192 0 85.961 85.961 0 192 0s192 85.961 192 192c0 77.413-26.97 99.031-172.268 309.67-9.535 13.774-29.93 13.773-39.464 0zM192 272c44.183 0 80-35.817 80-80s-35.817-80-80-80-80 35.817-80 80 35.817 80 80 80z\"><\/path><\/svg>\t\t\t\t<\/span>\n\t\t\t<\/div>\n\t\t\t\n\t\t\t\t\t\t<div class=\"elementor-icon-box-content\">\n\n\t\t\t\t\t\t\t\t\t<h3 class=\"elementor-icon-box-title\">\n\t\t\t\t\t\t<span  >\n\t\t\t\t\t\t\tOfis\t\t\t\t\t\t<\/span>\n\t\t\t\t\t<\/h3>\n\t\t\t\t\n\t\t\t\t\t\t\t\t\t<p class=\"elementor-icon-box-description\">\n\t\t\t\t\t\tBizi ofisimizde ziyaret edebilirsiniz. Sizleri a\u011f\u0131rlamaktan memnuniyet duyar\u0131z.\t\t\t\t\t<\/p>\n\t\t\t\t\n\t\t\t<\/div>\n\t\t\t\n\t\t<\/div>\n\t\t\t\t\t\t<\/div>\n\t\t\t\t<div class=\"elementor-element elementor-element-835766b elementor-widget elementor-widget-text-editor\" data-id=\"835766b\" data-element_type=\"widget\" data-widget_type=\"text-editor.default\">\n\t\t\t\t\t\t\t\t\t<p><span style=\"text-decoration: underline;\">D\u0130YARBAKIR<\/span><\/p>\t\t\t\t\t\t\t\t<\/div>\n\t\t\t\t<\/div>\n\t\t\t\t\t<\/div>\n\t\t\t\t<\/div>\n\t\t\t\t<\/div>\n\t\t","protected":false},"excerpt":{"rendered":"<p>Gelece\u011fin E\u011fitimine Ho\u015f Geldiniz E\u011fitim Mod\u00fclleri Ke\u015ffet Dijital d\u00fcnya, gen\u00e7ler i\u00e7in yeni f\u0131rsatlar sunuyor. E\u011fitim mod\u00fcllerimizle dijital okuryazarl\u0131\u011f\u0131 art\u0131rmay\u0131 hedefliyoruz. Gen\u00e7leri destekleyen i\u00e7erikler ve interaktif ara\u00e7larla dolu bir deneyim sunuyoruz. Sizi kat\u0131lmaya ve kendi potansiyelinizi ke\u015ffetmeye davet ediyoruz. Birlikte k\u00fclt\u00fcrel miras\u0131m\u0131z\u0131 korurken, gelece\u011fi \u015fekillendirebiliriz. K\u00fclt\u00fcrel Miras ve E\u011fitimde Dijital Yenilikler Bu web sitesi, gen\u00e7lerin dijital [&hellip;]<\/p>\n","protected":false},"author":1,"featured_media":0,"parent":0,"menu_order":0,"comment_status":"closed","ping_status":"closed","template":"","meta":{"footnotes":""},"class_list":["post-462","page","type-page","status-publish","hentry"],"blocksy_meta":[],"_links":{"self":[{"href":"https:\/\/zihinseldirilis.org\/index.php?rest_route=\/wp\/v2\/pages\/462","targetHints":{"allow":["GET"]}}],"collection":[{"href":"https:\/\/zihinseldirilis.org\/index.php?rest_route=\/wp\/v2\/pages"}],"about":[{"href":"https:\/\/zihinseldirilis.org\/index.php?rest_route=\/wp\/v2\/types\/page"}],"author":[{"embeddable":true,"href":"https:\/\/zihinseldirilis.org\/index.php?rest_route=\/wp\/v2\/users\/1"}],"replies":[{"embeddable":true,"href":"https:\/\/zihinseldirilis.org\/index.php?rest_route=%2Fwp%2Fv2%2Fcomments&post=462"}],"version-history":[{"count":10,"href":"https:\/\/zihinseldirilis.org\/index.php?rest_route=\/wp\/v2\/pages\/462\/revisions"}],"predecessor-version":[{"id":530,"href":"https:\/\/zihinseldirilis.org\/index.php?rest_route=\/wp\/v2\/pages\/462\/revisions\/530"}],"wp:attachment":[{"href":"https:\/\/zihinseldirilis.org\/index.php?rest_route=%2Fwp%2Fv2%2Fmedia&parent=462"}],"curies":[{"name":"wp","href":"https:\/\/api.w.org\/{rel}","templated":true}]}}