{"id":457,"date":"2025-08-28T06:03:03","date_gmt":"2025-08-28T06:03:03","guid":{"rendered":"https:\/\/zihinseldirilis.org\/?page_id=457"},"modified":"2025-08-28T06:03:17","modified_gmt":"2025-08-28T06:03:17","slug":"blog-2","status":"publish","type":"page","link":"https:\/\/zihinseldirilis.org\/?page_id=457","title":{"rendered":"Blog"},"content":{"rendered":"\t\t<div data-elementor-type=\"wp-page\" data-elementor-id=\"457\" class=\"elementor elementor-457\">\n\t\t\t\t<div class=\"elementor-element elementor-element-6185da5 e-flex e-con-boxed e-con e-parent\" data-id=\"6185da5\" data-element_type=\"container\" data-settings=\"{&quot;background_background&quot;:&quot;classic&quot;}\">\n\t\t\t\t\t<div class=\"e-con-inner\">\n\t\t<div class=\"elementor-element elementor-element-acd8a42 e-con-full e-flex e-con e-child\" data-id=\"acd8a42\" data-element_type=\"container\">\n\t\t\t\t<div class=\"elementor-element elementor-element-0e68898 elementor-widget elementor-widget-heading\" data-id=\"0e68898\" data-element_type=\"widget\" data-widget_type=\"heading.default\">\n\t\t\t\t\t<h2 class=\"elementor-heading-title elementor-size-default\">Yeni Bir D\u00f6neme Ad\u0131m At\u0131n<\/h2>\t\t\t\t<\/div>\n\t\t\t\t<\/div>\n\t\t<div class=\"elementor-element elementor-element-8fd0565 e-con-full e-flex e-con e-child\" data-id=\"8fd0565\" data-element_type=\"container\">\n\t\t\t\t<div class=\"elementor-element elementor-element-fb70a6f elementor-widget elementor-widget-text-editor\" data-id=\"fb70a6f\" data-element_type=\"widget\" data-widget_type=\"text-editor.default\">\n\t\t\t\t\t\t\t\t\t<p>Bu platform, gen\u00e7lerin dijital okuryazarl\u0131k becerilerini geli\u015ftirmeye y\u00f6nelik kaynaklar sunarak, k\u00fclt\u00fcrel miras\u0131m\u0131za sahip \u00e7\u0131kmay\u0131 ama\u00e7l\u0131yor. Dinamik i\u00e7eriklerle dolu bir yolculu\u011fa davetlisiniz.<\/p>\t\t\t\t\t\t\t\t<\/div>\n\t\t\t\t<\/div>\n\t\t\t\t\t<\/div>\n\t\t\t\t<\/div>\n\t\t<div class=\"elementor-element elementor-element-edc91cc e-flex e-con-boxed e-con e-parent\" data-id=\"edc91cc\" data-element_type=\"container\">\n\t\t\t\t\t<div class=\"e-con-inner\">\n\t\t<div class=\"elementor-element elementor-element-e82fb1b e-con-full e-flex e-con e-child\" data-id=\"e82fb1b\" data-element_type=\"container\">\n\t\t\t\t<div class=\"elementor-element elementor-element-e837f50 elementor-widget elementor-widget-heading\" data-id=\"e837f50\" data-element_type=\"widget\" data-widget_type=\"heading.default\">\n\t\t\t\t\t<h2 class=\"elementor-heading-title elementor-size-default\">Bilgiyi Payla\u015f<\/h2>\t\t\t\t<\/div>\n\t\t\t\t<div class=\"elementor-element elementor-element-c98cf63 elementor-widget elementor-widget-heading\" data-id=\"c98cf63\" data-element_type=\"widget\" data-widget_type=\"heading.default\">\n\t\t\t\t\t<h2 class=\"elementor-heading-title elementor-size-default\">Blog Post section heading<\/h2>\t\t\t\t<\/div>\n\t\t\t\t<div class=\"elementor-element elementor-element-8217732 elementor-widget__width-auto elementor-widget elementor-widget-button\" data-id=\"8217732\" data-element_type=\"widget\" data-widget_type=\"button.default\">\n\t\t\t\t\t\t\t\t\t\t<a class=\"elementor-button elementor-button-link elementor-size-sm\" href=\"#\">\n\t\t\t\t\t\t<span class=\"elementor-button-content-wrapper\">\n\t\t\t\t\t\t\t\t\t<span class=\"elementor-button-text\">View all<\/span>\n\t\t\t\t\t<\/span>\n\t\t\t\t\t<\/a>\n\t\t\t\t\t\t\t\t<\/div>\n\t\t\t\t<\/div>\n\t\t<div class=\"elementor-element elementor-element-9f96895 e-con-full e-flex e-con e-child\" data-id=\"9f96895\" data-element_type=\"container\">\n\t\t\t\t<div class=\"elementor-element elementor-element-1026fd3 elementor-widget elementor-widget-posts\" data-id=\"1026fd3\" data-element_type=\"widget\" data-widget_type=\"posts.default\">\n\t\t\t\t<div class=\"elementor-widget-container\">\n\t\t\t\t\t \t\t\t\t<\/div>\n\t\t\t\t<\/div>\n\t\t\t\t<\/div>\n\t\t\t\t\t<\/div>\n\t\t\t\t<\/div>\n\t\t<div class=\"elementor-element elementor-element-68ca773 e-flex e-con-boxed e-con e-parent\" data-id=\"68ca773\" data-element_type=\"container\" data-settings=\"{&quot;background_background&quot;:&quot;classic&quot;}\">\n\t\t\t\t\t<div class=\"e-con-inner\">\n\t\t<div class=\"elementor-element elementor-element-ca047e2 e-con-full e-flex e-con e-child\" data-id=\"ca047e2\" data-element_type=\"container\">\n\t\t\t\t<div class=\"elementor-element elementor-element-eeba2e9 elementor-widget elementor-widget-heading\" data-id=\"eeba2e9\" data-element_type=\"widget\" data-widget_type=\"heading.default\">\n\t\t\t\t\t<h2 class=\"elementor-heading-title elementor-size-default\">En Yeni Blog Yaz\u0131lar\u0131<\/h2>\t\t\t\t<\/div>\n\t\t\t\t<div class=\"elementor-element elementor-element-74daa8a elementor-widget elementor-widget-text-editor\" data-id=\"74daa8a\" data-element_type=\"widget\" data-widget_type=\"text-editor.default\">\n\t\t\t\t\t\t\t\t\t<p>Bu b\u00f6l\u00fcmde, en pop\u00fcler ve yeni blog yaz\u0131lar\u0131m\u0131z\u0131 ke\u015ffedin. Her yaz\u0131, yazar ad\u0131 ve k\u0131sa bir \u00f6zet ile birlikte gelmekte. Bu bilgiler, ziyaret\u00e7ilerin ilgisini \u00e7ekerek onlara etkile\u015fim f\u0131rsatlar\u0131 sunar ve i\u00e7eriklerimizi daha iyi anlamalar\u0131na yard\u0131mc\u0131 olur.<\/p>\t\t\t\t\t\t\t\t<\/div>\n\t\t\t\t<\/div>\n\t\t<div class=\"elementor-element elementor-element-5f41a01 e-con-full e-flex e-con e-child\" data-id=\"5f41a01\" data-element_type=\"container\">\n\t\t\t\t<div class=\"elementor-element elementor-element-54cd6c4 elementor-widget elementor-widget-image\" data-id=\"54cd6c4\" data-element_type=\"widget\" data-widget_type=\"image.default\">\n\t\t\t\t\t\t\t\t\t\t\t\t\t\t\t<img fetchpriority=\"high\" decoding=\"async\" width=\"1920\" height=\"1080\" src=\"https:\/\/zihinseldirilis.org\/wp-content\/uploads\/2025\/08\/placeholder-demo-image-marquee-616x400-1.jpg\" class=\"attachment-full size-full wp-image-476\" alt=\"\" srcset=\"https:\/\/zihinseldirilis.org\/wp-content\/uploads\/2025\/08\/placeholder-demo-image-marquee-616x400-1.jpg 1920w, https:\/\/zihinseldirilis.org\/wp-content\/uploads\/2025\/08\/placeholder-demo-image-marquee-616x400-1-300x169.jpg 300w, https:\/\/zihinseldirilis.org\/wp-content\/uploads\/2025\/08\/placeholder-demo-image-marquee-616x400-1-1024x576.jpg 1024w, https:\/\/zihinseldirilis.org\/wp-content\/uploads\/2025\/08\/placeholder-demo-image-marquee-616x400-1-768x432.jpg 768w, https:\/\/zihinseldirilis.org\/wp-content\/uploads\/2025\/08\/placeholder-demo-image-marquee-616x400-1-1536x864.jpg 1536w\" sizes=\"(max-width: 1920px) 100vw, 1920px\" \/>\t\t\t\t\t\t\t\t\t\t\t\t\t\t\t<\/div>\n\t\t\t\t<\/div>\n\t\t\t\t\t<\/div>\n\t\t\t\t<\/div>\n\t\t<div class=\"elementor-element elementor-element-016b5e6 e-flex e-con-boxed e-con e-parent\" data-id=\"016b5e6\" data-element_type=\"container\" data-settings=\"{&quot;background_background&quot;:&quot;classic&quot;}\">\n\t\t\t\t\t<div class=\"e-con-inner\">\n\t\t<div class=\"elementor-element elementor-element-ff62e09 e-flex e-con-boxed e-con e-child\" data-id=\"ff62e09\" data-element_type=\"container\" data-settings=\"{&quot;background_background&quot;:&quot;classic&quot;}\">\n\t\t\t\t\t<div class=\"e-con-inner\">\n\t\t<div class=\"elementor-element elementor-element-f60fd41 e-con-full e-flex e-con e-child\" data-id=\"f60fd41\" data-element_type=\"container\">\n\t\t\t\t<div class=\"elementor-element elementor-element-b2209f7 elementor-widget elementor-widget-heading\" data-id=\"b2209f7\" data-element_type=\"widget\" data-widget_type=\"heading.default\">\n\t\t\t\t\t<h2 class=\"elementor-heading-title elementor-size-default\">G\u00fcncellemelerden Haberdar Olun<\/h2>\t\t\t\t<\/div>\n\t\t\t\t<div class=\"elementor-element elementor-element-fa07d77 elementor-widget elementor-widget-text-editor\" data-id=\"fa07d77\" data-element_type=\"widget\" data-widget_type=\"text-editor.default\">\n\t\t\t\t\t\t\t\t\t<p>Blogumuza abone olarak en son i\u00e7eriklerimizi ve g\u00fcncellemelerimizi do\u011frudan alabilirsiniz. Bilgi dolu makaleler ve etkileyici projelerimizle toplulu\u011fumuza kat\u0131l\u0131n.<\/p>\t\t\t\t\t\t\t\t<\/div>\n\t\t\t\t<div class=\"elementor-element elementor-element-14e2188 elementor-widget elementor-widget-form\" data-id=\"14e2188\" data-element_type=\"widget\" data-widget_type=\"form.default\">\n\t\t\t\t<div class=\"elementor-widget-container\">\n\t\t\t\t\t \t\t\t\t<\/div>\n\t\t\t\t<\/div>\n\t\t\t\t<div class=\"elementor-element elementor-element-54d69fd elementor-widget elementor-widget-text-editor\" data-id=\"54d69fd\" data-element_type=\"widget\" data-widget_type=\"text-editor.default\">\n\t\t\t\t\t\t\t\t\t<p>Abone ol butonuna t\u0131klayarak, kullan\u0131m ko\u015fullar\u0131m\u0131z\u0131 kabul etti\u011finizi onaylam\u0131\u015f olursunuz.<\/p>\t\t\t\t\t\t\t\t<\/div>\n\t\t\t\t<\/div>\n\t\t\t\t\t<\/div>\n\t\t\t\t<\/div>\n\t\t\t\t\t<\/div>\n\t\t\t\t<\/div>\n\t\t\t\t<\/div>\n\t\t","protected":false},"excerpt":{"rendered":"<p>Yeni Bir D\u00f6neme Ad\u0131m At\u0131n Bu platform, gen\u00e7lerin dijital okuryazarl\u0131k becerilerini geli\u015ftirmeye y\u00f6nelik kaynaklar sunarak, k\u00fclt\u00fcrel miras\u0131m\u0131za sahip \u00e7\u0131kmay\u0131 ama\u00e7l\u0131yor. Dinamik i\u00e7eriklerle dolu bir yolculu\u011fa davetlisiniz. Bilgiyi Payla\u015f Blog Post section heading View all En Yeni Blog Yaz\u0131lar\u0131 Bu b\u00f6l\u00fcmde, en pop\u00fcler ve yeni blog yaz\u0131lar\u0131m\u0131z\u0131 ke\u015ffedin. Her yaz\u0131, yazar ad\u0131 ve k\u0131sa bir \u00f6zet [&hellip;]<\/p>\n","protected":false},"author":1,"featured_media":0,"parent":0,"menu_order":0,"comment_status":"closed","ping_status":"closed","template":"","meta":{"footnotes":""},"class_list":["post-457","page","type-page","status-publish","hentry"],"blocksy_meta":[],"_links":{"self":[{"href":"https:\/\/zihinseldirilis.org\/index.php?rest_route=\/wp\/v2\/pages\/457","targetHints":{"allow":["GET"]}}],"collection":[{"href":"https:\/\/zihinseldirilis.org\/index.php?rest_route=\/wp\/v2\/pages"}],"about":[{"href":"https:\/\/zihinseldirilis.org\/index.php?rest_route=\/wp\/v2\/types\/page"}],"author":[{"embeddable":true,"href":"https:\/\/zihinseldirilis.org\/index.php?rest_route=\/wp\/v2\/users\/1"}],"replies":[{"embeddable":true,"href":"https:\/\/zihinseldirilis.org\/index.php?rest_route=%2Fwp%2Fv2%2Fcomments&post=457"}],"version-history":[{"count":1,"href":"https:\/\/zihinseldirilis.org\/index.php?rest_route=\/wp\/v2\/pages\/457\/revisions"}],"predecessor-version":[{"id":487,"href":"https:\/\/zihinseldirilis.org\/index.php?rest_route=\/wp\/v2\/pages\/457\/revisions\/487"}],"wp:attachment":[{"href":"https:\/\/zihinseldirilis.org\/index.php?rest_route=%2Fwp%2Fv2%2Fmedia&parent=457"}],"curies":[{"name":"wp","href":"https:\/\/api.w.org\/{rel}","templated":true}]}}